{"id":2854,"date":"2023-07-30T21:58:36","date_gmt":"2023-07-30T21:58:36","guid":{"rendered":"https:\/\/mujzubnilekar.cz\/?post_type=product&#038;p=2854"},"modified":"2025-06-18T14:01:40","modified_gmt":"2025-06-18T14:01:40","slug":"poukaz-na-osetreni-1000","status":"publish","type":"product","link":"https:\/\/mujzubnilekar.cz\/en\/vouchery\/poukaz-na-osetreni-1000\/","title":{"rendered":"Poukaz na o\u0161et\u0159en\u00ed"},"content":{"rendered":"<section data-bb-version=\"4.6.1\" id=\"bt_bb_section69f4682f35b92\" class=\"bt_bb_section bt_bb_layout_boxed_1200\"  data-bt-override-class=\"null\"><div class=\"bt_bb_port\"><div class=\"bt_bb_cell\"><div class=\"bt_bb_cell_inner\"><div class=\"bt_bb_row \"  data-bt-override-class=\"{}\"><div class=\"bt_bb_row_holder\" ><div  class=\"bt_bb_column col-xxl-12 col-xl-12 col-xs-12 col-sm-12 col-md-12 col-lg-12 bt_bb_vertical_align_top bt_bb_align_left bt_bb_padding_normal\" style=\"; --column-width:12;\" data-width=\"12\" data-bt-override-class=\"{}\"><div class=\"bt_bb_column_content\"><div class=\"bt_bb_column_content_inner\"><div class=\"bt_bb_accordion bt_bb_color_scheme_8 bt_bb_style_outline bt_bb_shape_rounded\" style=\"; --accordion-primary-color:#115278; --accordion-secondary-color:#ffffff;\" data-closed=closed><div class=\"bt_bb_accordion_item\"><div class=\"bt_bb_accordion_item_title\">Voucher zahrnuje<\/div><div class=\"bt_bb_accordion_item_content\"><div  class=\"bt_bb_text\" ><\/p>\n<ul>\n<li>Voucher lze pou\u017e\u00edt na jak\u00e9koliv o\u0161et\u0159en\u00ed<\/li>\n<\/ul>\n<p>\n<\/div><\/div><\/div><div class=\"bt_bb_accordion_item\"><div class=\"bt_bb_accordion_item_title\">Jak uplatnit<\/div><div class=\"bt_bb_accordion_item_content\"><div  class=\"bt_bb_text\" ><\/p>\n<ul>\n<li style=\"list-style-type: none;\">\n<ul>\n<li>Term\u00edn si rezervujte online v\u00a0rezerva\u010dn\u00edm syst\u00e9mu na\u00a0webu <a href=\"http:\/\/mujzubnilekar.cz\/\" target=\"_blank\" rel=\"follow noopener\">https:\/\/mujzubnilekar.cz\/<\/a> nebo na\u00a0tel. 70 435 7070.<\/li>\n<li>K\u00f3d voucheru sd\u011bl\u00edte na\u00a0m\u00edst\u011b.<\/li>\n<\/ul>\n<\/li>\n<\/ul>\n<p>\n<\/div><\/div><\/div><div class=\"bt_bb_accordion_item\"><div class=\"bt_bb_accordion_item_title\">Storno podm\u00ednky<\/div><div class=\"bt_bb_accordion_item_content\"><div  class=\"bt_bb_text\" ><\/p>\n<p>Voucher lze v r\u00e1mci 14denn\u00ed z\u00e1konn\u00e9 lh\u016fty od zakoupen\u00ed stornovat.<\/p>\n<p>\n<\/div><\/div><\/div><div class=\"bt_bb_accordion_item\"><div class=\"bt_bb_accordion_item_title\">Kde uplatnit<\/div><div class=\"bt_bb_accordion_item_content\"><div class=\" bt_bb_row_inner\"   data-bt-override-class=\"{}\"><div class=\"bt_bb_row_inner_holder\"  ><div  class=\"bt_bb_column_inner col-xxl-3 col-xl-3 col-xs-12 col-sm-6 col-md-6 col-lg-3 bt_bb_vertical_align_top bt_bb_align_left bt_bb_padding_normal\"  data-width=\"3\" data-bt-override-class=\"{}\"><div class=\"bt_bb_column_inner_content\"><div class=\"bt_bb_column_inner_content_inner\"><div class=\"bt_bb_service bt_bb_color_scheme_3 bt_bb_style_lightfilled bt_bb_size_large bt_bb_shape_circle bt_bb_target_self bt_bb_align_inherit\" style=\"; --primary-color:#1ebeb6; --secondary-color:#191919;\" data-bt-override-class=\"{&quot;bt_bb_size_&quot;:{&quot;current_class&quot;:&quot;bt_bb_size_large&quot;,&quot;def&quot;:&quot;large&quot;,&quot;xl&quot;:&quot;large&quot;}}\"><a href=\"#\"  target=\"_self\"  title=\"Adresa\"  data-ico-dentist2=\"&#xe902;\" class=\"bt_bb_icon_holder\"><\/a><div class=\"bt_bb_service_content\"><div class=\"bt_bb_service_content_title\"><a href=\"#\" target=\"_self\" title=\"&lt;b&gt;Adresa&lt;\/b&gt;\"><b>Adresa<\/b><\/a><\/div><div class=\"bt_bb_service_content_text\">Stomatologick\u00e9 centrum - m\u016fj zubn\u00ed l\u00e9ka\u0159<br \/><br \/>\nJe\u0159\u00e1bkov\u00e1 1848\/5<br \/><br \/>\n602 00 Brno<\/div><\/div><\/div><\/div><\/div><\/div><div  class=\"bt_bb_column_inner col-xxl-3 col-xl-3 col-xs-12 col-sm-6 col-md-6 col-lg-3 bt_bb_vertical_align_top bt_bb_align_left bt_bb_padding_normal\"  data-width=\"3\" data-bt-override-class=\"{}\"><div class=\"bt_bb_column_inner_content\"><div class=\"bt_bb_column_inner_content_inner\"><div class=\"bt_bb_service bt_bb_color_scheme_11 bt_bb_style_filled bt_bb_size_large bt_bb_shape_circle bt_bb_target_self bt_bb_align_inherit\" style=\"; --primary-color:#ffffff; --secondary-color:#115278;\" data-bt-override-class=\"{}\"><a href=\"#\"  target=\"_self\"  title=\"Telefon\"  data-ico-dentist2=\"&#xe909;\" class=\"bt_bb_icon_holder\"><\/a><div class=\"bt_bb_service_content\"><div class=\"bt_bb_service_content_title\"><a href=\"#\" target=\"_self\" title=\"&lt;u&gt;Telefon&lt;\/u&gt;\"><u>Telefon<\/u><\/a><\/div><div class=\"bt_bb_service_content_text\">70 435 7070<\/div><\/div><\/div><\/div><\/div><\/div><div  class=\"bt_bb_column_inner col-xxl-3 col-xl-3 col-xs-12 col-sm-6 col-md-6 col-lg-3 bt_bb_vertical_align_top bt_bb_align_left bt_bb_padding_normal\"  data-width=\"3\" data-bt-override-class=\"{}\"><div class=\"bt_bb_column_inner_content\"><div class=\"bt_bb_column_inner_content_inner\"><div class=\"bt_bb_service bt_bb_color_scheme_3 bt_bb_style_lightfilled bt_bb_size_large bt_bb_shape_circle bt_bb_target_self bt_bb_align_inherit\" style=\"; --primary-color:#1ebeb6; --secondary-color:#191919;\" data-bt-override-class=\"{&quot;bt_bb_size_&quot;:{&quot;current_class&quot;:&quot;bt_bb_size_large&quot;,&quot;def&quot;:&quot;large&quot;,&quot;xl&quot;:&quot;large&quot;},&quot;bt_bb_align_&quot;:{&quot;current_class&quot;:&quot;bt_bb_align_inherit&quot;,&quot;def&quot;:&quot;inherit&quot;,&quot;xl&quot;:&quot;inherit&quot;}}\"><a href=\"#\"  target=\"_self\"  title=\"Napi\u0161te n\u00e1m\"  data-ico-dentist2=\"&#xe907;\" class=\"bt_bb_icon_holder\"><\/a><div class=\"bt_bb_service_content\"><div class=\"bt_bb_service_content_title\"><a href=\"#\" target=\"_self\" title=\"&lt;b&gt;Napi\u0161te n\u00e1m&lt;\/b&gt;\"><b>Napi\u0161te n\u00e1m<\/b><\/a><\/div><div class=\"bt_bb_service_content_text\">ordinace@mujzubnilekar.cz<br \/><br \/>\n<\/div><\/div><\/div><\/div><\/div><\/div><div  class=\"bt_bb_column_inner col-xxl-3 col-xl-3 col-xs-12 col-sm-6 col-md-6 col-lg-3 bt_bb_vertical_align_top bt_bb_align_left bt_bb_padding_normal\"  data-width=\"3\" data-bt-override-class=\"{}\"><div class=\"bt_bb_column_inner_content\"><div class=\"bt_bb_column_inner_content_inner\"><div class=\"bt_bb_google_maps bt_bb_map bt_bb_map_type_interactive bt_bb_google_maps_with_coverage_image\" style=\"max-width: 760px; margin-left: auto;\" data-center=\"no\"><div class=\"bt_bb_map_coverage_image\"><div class=\"bt_bb_map_coverage_image_attribution\"><div class=\"bt_bb_map_coverage_image_attribution_google\"><a href=\"https:\/\/www.google.com\/maps?ll=49.203952,16.611688&z=14\" target=\"_blank\">\r\n\t\t\t\t\t\t<img decoding=\"async\" src=\"https:\/\/mujzubnilekar.cz\/wp-content\/themes\/denticare\/bold-page-builder\/content_elements\/bt_bb_google_maps\/google.svg\" title=\"Open this area in Google Maps (opens a new window)\" \/><\/a><\/div><div class=\"bt_bb_map_coverage_image_attribution_copyright\">Map data &copy;2026<\/div><\/div><img decoding=\"async\" src=\"https:\/\/mujzubnilekar.cz\/wp-content\/uploads\/2020\/01\/Map.png\" alt=\"bt_bb_google_maps_coverage_image\" \/><\/div><div class=\"bt_bb_google_maps_map bt_bb_map_map\" id=\"map_canvas69f4682f3674e\" data-height=\"400\" data-api-key=\"AIzaSyCCSV3L3Sv1-fx9NW9vtGmgb0dEYe8jHsM\" data-map-type=\"interactive\" data-zoom=\"14\" data-init-finished=\"false\" data-custom-style=\"WwogICAgewogICAgICAgICJmZWF0dXJlVHlwZSI6ICJsYW5kc2NhcGUiLAogICAgICAgICJlbGVtZW50VHlwZSI6ICJhbGwiLAogICAgICAgICJzdHlsZXJzIjogWwogICAgICAgICAgICB7CiAgICAgICAgICAgICAgICAiaHVlIjogIiNGRkJCMDAiCiAgICAgICAgICAgIH0sCiAgICAgICAgICAgIHsKICAgICAgICAgICAgICAgICJzYXR1cmF0aW9uIjogNDMuNDAwMDAwMDAwMDAwMDA2CiAgICAgICAgICAgIH0sCiAgICAgICAgICAgIHsKICAgICAgICAgICAgICAgICJsaWdodG5lc3MiOiAzNy41OTk5OTk5OTk5OTk5OTQKICAgICAgICAgICAgfSwKICAgICAgICAgICAgewogICAgICAgICAgICAgICAgImdhbW1hIjogMQogICAgICAgICAgICB9CiAgICAgICAgXQogICAgfSwKICAgIHsKICAgICAgICAiZmVhdHVyZVR5cGUiOiAicG9pIiwKICAgICAgICAiZWxlbWVudFR5cGUiOiAiYWxsIiwKICAgICAgICAic3R5bGVycyI6IFsKICAgICAgICAgICAgewogICAgICAgICAgICAgICAgImh1ZSI6ICIjMDBGRjZBIgogICAgICAgICAgICB9LAogICAgICAgICAgICB7CiAgICAgICAgICAgICAgICAic2F0dXJhdGlvbiI6IC0xLjA5ODkwMTA5ODkwMTEyMzQKICAgICAgICAgICAgfSwKICAgICAgICAgICAgewogICAgICAgICAgICAgICAgImxpZ2h0bmVzcyI6IDExLjIwMDAwMDAwMDAwMDAxNwogICAgICAgICAgICB9LAogICAgICAgICAgICB7CiAgICAgICAgICAgICAgICAiZ2FtbWEiOiAxCiAgICAgICAgICAgIH0KICAgICAgICBdCiAgICB9LAogICAgewogICAgICAgICJmZWF0dXJlVHlwZSI6ICJyb2FkLmhpZ2h3YXkiLAogICAgICAgICJlbGVtZW50VHlwZSI6ICJhbGwiLAogICAgICAgICJzdHlsZXJzIjogWwogICAgICAgICAgICB7CiAgICAgICAgICAgICAgICAiaHVlIjogIiNGRkMyMDAiCiAgICAgICAgICAgIH0sCiAgICAgICAgICAgIHsKICAgICAgICAgICAgICAgICJzYXR1cmF0aW9uIjogLTYxLjgKICAgICAgICAgICAgfSwKICAgICAgICAgICAgewogICAgICAgICAgICAgICAgImxpZ2h0bmVzcyI6IDQ1LjU5OTk5OTk5OTk5OTk5NAogICAgICAgICAgICB9LAogICAgICAgICAgICB7CiAgICAgICAgICAgICAgICAiZ2FtbWEiOiAxCiAgICAgICAgICAgIH0KICAgICAgICBdCiAgICB9LAogICAgewogICAgICAgICJmZWF0dXJlVHlwZSI6ICJyb2FkLmFydGVyaWFsIiwKICAgICAgICAiZWxlbWVudFR5cGUiOiAiYWxsIiwKICAgICAgICAic3R5bGVycyI6IFsKICAgICAgICAgICAgewogICAgICAgICAgICAgICAgImh1ZSI6ICIjRkYwMzAwIgogICAgICAgICAgICB9LAogICAgICAgICAgICB7CiAgICAgICAgICAgICAgICAic2F0dXJhdGlvbiI6IC0xMDAKICAgICAgICAgICAgfSwKICAgICAgICAgICAgewogICAgICAgICAgICAgICAgImxpZ2h0bmVzcyI6IDUxLjE5OTk5OTk5OTk5OTk5CiAgICAgICAgICAgIH0sCiAgICAgICAgICAgIHsKICAgICAgICAgICAgICAgICJnYW1tYSI6IDEKICAgICAgICAgICAgfQogICAgICAgIF0KICAgIH0sCiAgICB7CiAgICAgICAgImZlYXR1cmVUeXBlIjogInJvYWQubG9jYWwiLAogICAgICAgICJlbGVtZW50VHlwZSI6ICJhbGwiLAogICAgICAgICJzdHlsZXJzIjogWwogICAgICAgICAgICB7CiAgICAgICAgICAgICAgICAiaHVlIjogIiNGRjAzMDAiCiAgICAgICAgICAgIH0sCiAgICAgICAgICAgIHsKICAgICAgICAgICAgICAgICJzYXR1cmF0aW9uIjogLTEwMAogICAgICAgICAgICB9LAogICAgICAgICAgICB7CiAgICAgICAgICAgICAgICAibGlnaHRuZXNzIjogNTIKICAgICAgICAgICAgfSwKICAgICAgICAgICAgewogICAgICAgICAgICAgICAgImdhbW1hIjogMQogICAgICAgICAgICB9CiAgICAgICAgXQogICAgfSwKICAgIHsKICAgICAgICAiZmVhdHVyZVR5cGUiOiAid2F0ZXIiLAogICAgICAgICJlbGVtZW50VHlwZSI6ICJhbGwiLAogICAgICAgICJzdHlsZXJzIjogWwogICAgICAgICAgICB7CiAgICAgICAgICAgICAgICAiaHVlIjogIiMwMDc4RkYiCiAgICAgICAgICAgIH0sCiAgICAgICAgICAgIHsKICAgICAgICAgICAgICAgICJzYXR1cmF0aW9uIjogLTEzLjIwMDAwMDAwMDAwMDAwMwogICAgICAgICAgICB9LAogICAgICAgICAgICB7CiAgICAgICAgICAgICAgICAibGlnaHRuZXNzIjogMi40MDAwMDAwMDAwMDAwMDU3CiAgICAgICAgICAgIH0sCiAgICAgICAgICAgIHsKICAgICAgICAgICAgICAgICJnYW1tYSI6IDEKICAgICAgICAgICAgfQogICAgICAgIF0KICAgIH0KXQ==\" style=\"height:400px\"><\/div><div class=\"bt_bb_google_maps_location bt_bb_map_location bt_bb_google_maps_location_without_content bt_bb_map_location_without_content\" data-lat=\"49.203952\" data-lng=\"16.611688\" data-icon=\"https:\/\/mujzubnilekar.cz\/wp-content\/uploads\/2020\/01\/pin_1.png\"><\/div><\/div><\/div><\/div><\/div><\/div><\/div><\/div><\/div><\/div><\/div><\/div><\/div><\/div><\/div><\/div><!-- cell_inner --><\/div><!-- cell --><\/div><!-- port --><\/section>\n","protected":false},"excerpt":{"rendered":"<p>Univerz\u00e1ln\u00ed poukaz na libovoln\u00e9 o\u0161et\u0159en\u00ed.<\/p>\n","protected":false},"featured_media":2900,"comment_status":"open","ping_status":"closed","template":"","meta":[],"product_brand":[],"product_cat":[108],"product_tag":[],"class_list":{"0":"post-2854","1":"product","2":"type-product","3":"status-publish","4":"has-post-thumbnail","6":"product_cat-mwb_wgm_giftcard","8":"first","9":"instock","10":"downloadable","11":"virtual","12":"purchasable","13":"product-type-simple"},"yoast_head":"<!-- This site is optimized with the Yoast SEO plugin v27.3 - https:\/\/yoast.com\/product\/yoast-seo-wordpress\/ -->\n<title>Poukaz na o\u0161et\u0159en\u00ed - mujzubnilekar.cz<\/title>\n<meta name=\"robots\" content=\"index, follow, max-snippet:-1, max-image-preview:large, max-video-preview:-1\" \/>\n<link rel=\"canonical\" href=\"https:\/\/mujzubnilekar.cz\/vouchery\/poukaz-na-osetreni-1000\/\" \/>\n<meta property=\"og:locale\" content=\"en_US\" \/>\n<meta property=\"og:type\" content=\"article\" \/>\n<meta property=\"og:title\" content=\"Poukaz na o\u0161et\u0159en\u00ed - mujzubnilekar.cz\" \/>\n<meta property=\"og:description\" content=\"Univerz\u00e1ln\u00ed poukaz na libovoln\u00e9 o\u0161et\u0159en\u00ed.\" \/>\n<meta property=\"og:url\" content=\"https:\/\/mujzubnilekar.cz\/vouchery\/poukaz-na-osetreni-1000\/\" \/>\n<meta property=\"og:site_name\" content=\"mujzubnilekar.cz\" \/>\n<meta property=\"article:publisher\" content=\"https:\/\/www.facebook.com\/MujZubniLekar\" \/>\n<meta property=\"article:modified_time\" content=\"2025-06-18T14:01:40+00:00\" \/>\n<meta property=\"og:image\" content=\"https:\/\/mujzubnilekar.cz\/wp-content\/uploads\/2023\/07\/Gift-Voucher-Template-5.png\" \/>\n\t<meta property=\"og:image:width\" content=\"2000\" \/>\n\t<meta property=\"og:image:height\" content=\"1410\" \/>\n\t<meta property=\"og:image:type\" content=\"image\/png\" \/>\n<meta name=\"twitter:card\" content=\"summary_large_image\" \/>\n<meta name=\"twitter:label1\" content=\"Est. reading time\" \/>\n\t<meta name=\"twitter:data1\" content=\"3 minutes\" \/>\n<script type=\"application\/ld+json\" class=\"yoast-schema-graph\">{\"@context\":\"https:\\\/\\\/schema.org\",\"@graph\":[{\"@type\":\"WebPage\",\"@id\":\"https:\\\/\\\/mujzubnilekar.cz\\\/vouchery\\\/poukaz-na-osetreni-1000\\\/\",\"url\":\"https:\\\/\\\/mujzubnilekar.cz\\\/vouchery\\\/poukaz-na-osetreni-1000\\\/\",\"name\":\"Poukaz na o\u0161et\u0159en\u00ed - mujzubnilekar.cz\",\"isPartOf\":{\"@id\":\"https:\\\/\\\/mujzubnilekar.cz\\\/#website\"},\"primaryImageOfPage\":{\"@id\":\"https:\\\/\\\/mujzubnilekar.cz\\\/vouchery\\\/poukaz-na-osetreni-1000\\\/#primaryimage\"},\"image\":{\"@id\":\"https:\\\/\\\/mujzubnilekar.cz\\\/vouchery\\\/poukaz-na-osetreni-1000\\\/#primaryimage\"},\"thumbnailUrl\":\"https:\\\/\\\/mujzubnilekar.cz\\\/wp-content\\\/uploads\\\/2023\\\/07\\\/Gift-Voucher-Template-5.png\",\"datePublished\":\"2023-07-30T21:58:36+00:00\",\"dateModified\":\"2025-06-18T14:01:40+00:00\",\"breadcrumb\":{\"@id\":\"https:\\\/\\\/mujzubnilekar.cz\\\/vouchery\\\/poukaz-na-osetreni-1000\\\/#breadcrumb\"},\"inLanguage\":\"en-US\",\"potentialAction\":[{\"@type\":\"ReadAction\",\"target\":[\"https:\\\/\\\/mujzubnilekar.cz\\\/vouchery\\\/poukaz-na-osetreni-1000\\\/\"]}]},{\"@type\":\"ImageObject\",\"inLanguage\":\"en-US\",\"@id\":\"https:\\\/\\\/mujzubnilekar.cz\\\/vouchery\\\/poukaz-na-osetreni-1000\\\/#primaryimage\",\"url\":\"https:\\\/\\\/mujzubnilekar.cz\\\/wp-content\\\/uploads\\\/2023\\\/07\\\/Gift-Voucher-Template-5.png\",\"contentUrl\":\"https:\\\/\\\/mujzubnilekar.cz\\\/wp-content\\\/uploads\\\/2023\\\/07\\\/Gift-Voucher-Template-5.png\",\"width\":2000,\"height\":1410},{\"@type\":\"BreadcrumbList\",\"@id\":\"https:\\\/\\\/mujzubnilekar.cz\\\/vouchery\\\/poukaz-na-osetreni-1000\\\/#breadcrumb\",\"itemListElement\":[{\"@type\":\"ListItem\",\"position\":1,\"name\":\"Dom\u016f\",\"item\":\"https:\\\/\\\/mujzubnilekar.cz\\\/en\\\/home\\\/\"},{\"@type\":\"ListItem\",\"position\":2,\"name\":\"Vouchery\",\"item\":\"https:\\\/\\\/mujzubnilekar.cz\\\/vouchery\\\/\"},{\"@type\":\"ListItem\",\"position\":3,\"name\":\"Poukaz na o\u0161et\u0159en\u00ed\"}]},{\"@type\":\"WebSite\",\"@id\":\"https:\\\/\\\/mujzubnilekar.cz\\\/#website\",\"url\":\"https:\\\/\\\/mujzubnilekar.cz\\\/\",\"name\":\"mujzubnilekar.cz\",\"description\":\"stomatologick\u00e9 centrum\",\"publisher\":{\"@id\":\"https:\\\/\\\/mujzubnilekar.cz\\\/#organization\"},\"potentialAction\":[{\"@type\":\"SearchAction\",\"target\":{\"@type\":\"EntryPoint\",\"urlTemplate\":\"https:\\\/\\\/mujzubnilekar.cz\\\/?s={search_term_string}\"},\"query-input\":{\"@type\":\"PropertyValueSpecification\",\"valueRequired\":true,\"valueName\":\"search_term_string\"}}],\"inLanguage\":\"en-US\"},{\"@type\":\"Organization\",\"@id\":\"https:\\\/\\\/mujzubnilekar.cz\\\/#organization\",\"name\":\"mujzubnilekar.cz\",\"url\":\"https:\\\/\\\/mujzubnilekar.cz\\\/\",\"logo\":{\"@type\":\"ImageObject\",\"inLanguage\":\"en-US\",\"@id\":\"https:\\\/\\\/mujzubnilekar.cz\\\/#\\\/schema\\\/logo\\\/image\\\/\",\"url\":\"http:\\\/\\\/mujzubnilekar.cz\\\/wp-content\\\/uploads\\\/2020\\\/08\\\/logo-end-01.png\",\"contentUrl\":\"http:\\\/\\\/mujzubnilekar.cz\\\/wp-content\\\/uploads\\\/2020\\\/08\\\/logo-end-01.png\",\"width\":900,\"height\":459,\"caption\":\"mujzubnilekar.cz\"},\"image\":{\"@id\":\"https:\\\/\\\/mujzubnilekar.cz\\\/#\\\/schema\\\/logo\\\/image\\\/\"},\"sameAs\":[\"https:\\\/\\\/www.facebook.com\\\/MujZubniLekar\",\"https:\\\/\\\/www.instagram.com\\\/mujzubnilekar.cz\\\/\"]}]}<\/script>\n<!-- \/ Yoast SEO plugin. -->","yoast_head_json":{"title":"Poukaz na o\u0161et\u0159en\u00ed - mujzubnilekar.cz","robots":{"index":"index","follow":"follow","max-snippet":"max-snippet:-1","max-image-preview":"max-image-preview:large","max-video-preview":"max-video-preview:-1"},"canonical":"https:\/\/mujzubnilekar.cz\/vouchery\/poukaz-na-osetreni-1000\/","og_locale":"en_US","og_type":"article","og_title":"Poukaz na o\u0161et\u0159en\u00ed - mujzubnilekar.cz","og_description":"Univerz\u00e1ln\u00ed poukaz na libovoln\u00e9 o\u0161et\u0159en\u00ed.","og_url":"https:\/\/mujzubnilekar.cz\/vouchery\/poukaz-na-osetreni-1000\/","og_site_name":"mujzubnilekar.cz","article_publisher":"https:\/\/www.facebook.com\/MujZubniLekar","article_modified_time":"2025-06-18T14:01:40+00:00","og_image":[{"width":2000,"height":1410,"url":"https:\/\/mujzubnilekar.cz\/wp-content\/uploads\/2023\/07\/Gift-Voucher-Template-5.png","type":"image\/png"}],"twitter_card":"summary_large_image","twitter_misc":{"Est. reading time":"3 minutes"},"schema":{"@context":"https:\/\/schema.org","@graph":[{"@type":"WebPage","@id":"https:\/\/mujzubnilekar.cz\/vouchery\/poukaz-na-osetreni-1000\/","url":"https:\/\/mujzubnilekar.cz\/vouchery\/poukaz-na-osetreni-1000\/","name":"Poukaz na o\u0161et\u0159en\u00ed - mujzubnilekar.cz","isPartOf":{"@id":"https:\/\/mujzubnilekar.cz\/#website"},"primaryImageOfPage":{"@id":"https:\/\/mujzubnilekar.cz\/vouchery\/poukaz-na-osetreni-1000\/#primaryimage"},"image":{"@id":"https:\/\/mujzubnilekar.cz\/vouchery\/poukaz-na-osetreni-1000\/#primaryimage"},"thumbnailUrl":"https:\/\/mujzubnilekar.cz\/wp-content\/uploads\/2023\/07\/Gift-Voucher-Template-5.png","datePublished":"2023-07-30T21:58:36+00:00","dateModified":"2025-06-18T14:01:40+00:00","breadcrumb":{"@id":"https:\/\/mujzubnilekar.cz\/vouchery\/poukaz-na-osetreni-1000\/#breadcrumb"},"inLanguage":"en-US","potentialAction":[{"@type":"ReadAction","target":["https:\/\/mujzubnilekar.cz\/vouchery\/poukaz-na-osetreni-1000\/"]}]},{"@type":"ImageObject","inLanguage":"en-US","@id":"https:\/\/mujzubnilekar.cz\/vouchery\/poukaz-na-osetreni-1000\/#primaryimage","url":"https:\/\/mujzubnilekar.cz\/wp-content\/uploads\/2023\/07\/Gift-Voucher-Template-5.png","contentUrl":"https:\/\/mujzubnilekar.cz\/wp-content\/uploads\/2023\/07\/Gift-Voucher-Template-5.png","width":2000,"height":1410},{"@type":"BreadcrumbList","@id":"https:\/\/mujzubnilekar.cz\/vouchery\/poukaz-na-osetreni-1000\/#breadcrumb","itemListElement":[{"@type":"ListItem","position":1,"name":"Dom\u016f","item":"https:\/\/mujzubnilekar.cz\/en\/home\/"},{"@type":"ListItem","position":2,"name":"Vouchery","item":"https:\/\/mujzubnilekar.cz\/vouchery\/"},{"@type":"ListItem","position":3,"name":"Poukaz na o\u0161et\u0159en\u00ed"}]},{"@type":"WebSite","@id":"https:\/\/mujzubnilekar.cz\/#website","url":"https:\/\/mujzubnilekar.cz\/","name":"mujzubnilekar.cz","description":"stomatologick\u00e9 centrum","publisher":{"@id":"https:\/\/mujzubnilekar.cz\/#organization"},"potentialAction":[{"@type":"SearchAction","target":{"@type":"EntryPoint","urlTemplate":"https:\/\/mujzubnilekar.cz\/?s={search_term_string}"},"query-input":{"@type":"PropertyValueSpecification","valueRequired":true,"valueName":"search_term_string"}}],"inLanguage":"en-US"},{"@type":"Organization","@id":"https:\/\/mujzubnilekar.cz\/#organization","name":"mujzubnilekar.cz","url":"https:\/\/mujzubnilekar.cz\/","logo":{"@type":"ImageObject","inLanguage":"en-US","@id":"https:\/\/mujzubnilekar.cz\/#\/schema\/logo\/image\/","url":"http:\/\/mujzubnilekar.cz\/wp-content\/uploads\/2020\/08\/logo-end-01.png","contentUrl":"http:\/\/mujzubnilekar.cz\/wp-content\/uploads\/2020\/08\/logo-end-01.png","width":900,"height":459,"caption":"mujzubnilekar.cz"},"image":{"@id":"https:\/\/mujzubnilekar.cz\/#\/schema\/logo\/image\/"},"sameAs":["https:\/\/www.facebook.com\/MujZubniLekar","https:\/\/www.instagram.com\/mujzubnilekar.cz\/"]}]}},"_links":{"self":[{"href":"https:\/\/mujzubnilekar.cz\/en\/wp-json\/wp\/v2\/product\/2854","targetHints":{"allow":["GET"]}}],"collection":[{"href":"https:\/\/mujzubnilekar.cz\/en\/wp-json\/wp\/v2\/product"}],"about":[{"href":"https:\/\/mujzubnilekar.cz\/en\/wp-json\/wp\/v2\/types\/product"}],"replies":[{"embeddable":true,"href":"https:\/\/mujzubnilekar.cz\/en\/wp-json\/wp\/v2\/comments?post=2854"}],"wp:featuredmedia":[{"embeddable":true,"href":"https:\/\/mujzubnilekar.cz\/en\/wp-json\/wp\/v2\/media\/2900"}],"wp:attachment":[{"href":"https:\/\/mujzubnilekar.cz\/en\/wp-json\/wp\/v2\/media?parent=2854"}],"wp:term":[{"taxonomy":"product_brand","embeddable":true,"href":"https:\/\/mujzubnilekar.cz\/en\/wp-json\/wp\/v2\/product_brand?post=2854"},{"taxonomy":"product_cat","embeddable":true,"href":"https:\/\/mujzubnilekar.cz\/en\/wp-json\/wp\/v2\/product_cat?post=2854"},{"taxonomy":"product_tag","embeddable":true,"href":"https:\/\/mujzubnilekar.cz\/en\/wp-json\/wp\/v2\/product_tag?post=2854"}],"curies":[{"name":"wp","href":"https:\/\/api.w.org\/{rel}","templated":true}]}}