{"id":1993,"date":"2021-12-26T12:59:16","date_gmt":"2021-12-26T12:59:16","guid":{"rendered":"https:\/\/mujzubnilekar.cz\/?post_type=product&#038;p=1993"},"modified":"2026-01-09T22:58:31","modified_gmt":"2026-01-09T22:58:31","slug":"kdh","status":"publish","type":"product","link":"https:\/\/mujzubnilekar.cz\/en\/vouchery\/kdh\/","title":{"rendered":"Vstupn\u00ed komplexn\u00ed dent\u00e1ln\u00ed hygiena"},"content":{"rendered":"<section id=\"bt_bb_section69f4621de2c8e\" class=\"bt_bb_section bt_bb_layout_boxed_1200\"  data-bt-override-class=\"null\"><div class=\"bt_bb_port\"><div class=\"bt_bb_cell\"><div class=\"bt_bb_cell_inner\"><div class=\"bt_bb_row \"  data-bt-override-class=\"{}\"><div class=\"bt_bb_row_holder\" ><div  class=\"bt_bb_column col-xxl-12 col-xl-12 col-xs-12 col-sm-12 col-md-12 col-lg-12 bt_bb_vertical_align_top bt_bb_align_left bt_bb_padding_normal\" style=\"; --column-width:12;\" data-width=\"12\" data-bt-override-class=\"{}\"><div class=\"bt_bb_column_content\"><div class=\"bt_bb_column_content_inner\"><div class=\"bt_bb_accordion bt_bb_color_scheme_8 bt_bb_style_outline bt_bb_shape_rounded\" style=\"; --accordion-primary-color:#115278; --accordion-secondary-color:#ffffff;\" data-closed=closed><div class=\"bt_bb_accordion_item\"><div class=\"bt_bb_accordion_item_title\">Voucher zahrnuje<\/div><div class=\"bt_bb_accordion_item_content\"><div  class=\"bt_bb_text\" ><\/p>\n<p>\n<strong>Komplexn\u00ed dent\u00e1ln\u00ed hygiena pro\u00a0dosp\u011bl\u00e9 (vstupn\u00ed terapie + Air Flow)<\/strong><\/p>\n<ul>\n<li>Zhodnocen\u00ed stavu dutiny \u00fastn\u00ed a\u00a0\u00farovn\u011b dent\u00e1ln\u00ed hygieny (stanoven\u00ed hygienick\u00fdch a\u00a0gingiv\u00e1ln\u00edch index\u016f\u00a0\u2013 zji\u0161t\u011bn\u00ed stupn\u011b z\u00e1n\u011btu d\u00e1sn\u011b)<\/li>\n<li>Detekce zubn\u00edho plaku a\u00a0zubn\u00edho kamene<\/li>\n<li>Vysv\u011btlen\u00ed pr\u016fb\u011bhu dent\u00e1ln\u00ed hygieny<\/li>\n<li>Antibakteri\u00e1ln\u00ed v\u00fdplach<\/li>\n<li>O\u010di\u0161t\u011bn\u00ed zub\u016f: odstran\u011bn\u00ed zubn\u00edho kamene a\u00a0povlaku manu\u00e1ln\u011b i\u00a0ultrazvukem podle rozsahu<\/li>\n<li>Odstran\u011bn\u00ed pigmentov\u00fdch skvrn od k\u00e1vy, \u010daje, cigaret apod. metodou Air Flow (<em>p\u0159i vhodn\u00e9m stavu)<\/em><\/li>\n<li>Vyle\u0161t\u011bn\u00ed povrchu zub\u016f speci\u00e1ln\u00ed pastou a\u00a0jemn\u00fdm rota\u010dn\u00edm kart\u00e1\u010dkem<\/li>\n<li>Fluoridace skloviny, aplikace desinfek\u010dn\u00edho nebo protiz\u00e1n\u011btliv\u00e9ho gelu\/roztoku<\/li>\n<li>Instrukt\u00e1\u017e p\u00e9\u010de o\u00a0zuby<\/li>\n<li>Individu\u00e1ln\u00ed v\u00fdb\u011br vhodn\u00fdch pom\u016fcek k\u00a0dom\u00e1c\u00ed hygien\u011b dutiny \u00fastn\u00ed<\/li>\n<li>Konzultace stavu dutiny \u00fastn\u00ed, p\u0159\u00edpadn\u011b dal\u0161\u00edch procedur, jako je b\u011blen\u00ed apod.<\/li>\n<\/ul>\n<p><em>D\u00e9lka procedury je cca 45-60\u00a0minut (dle stavu dutiny \u00fastn\u00ed).<\/em><\/p>\n<p>\n<\/div><\/div><\/div><div class=\"bt_bb_accordion_item\"><div class=\"bt_bb_accordion_item_title\">Jak uplatnit<\/div><div class=\"bt_bb_accordion_item_content\"><div  class=\"bt_bb_text\" ><\/p>\n<ul>\n<li>\n<ul>\n<li>Platnost &#8211; <strong>1 rok<\/strong><\/li>\n<li>Parodontologick\u00e9 pacienty, kte\u0159\u00ed nedoch\u00e1z\u00ed na\u00a0dent\u00e1ln\u00ed hygienu pravideln\u011b, nelze d\u016fkladn\u011b o\u0161et\u0159it b\u011bhem jedn\u00e9 n\u00e1v\u0161t\u011bvy, pl\u00e1n l\u00e9\u010dby je nutn\u00e9 \u0159e\u0161it individu\u00e1ln\u011b.<\/li>\n<li>Doporu\u010duje se\u00a0p\u0159in\u00e9st si s\u00a0sebou pom\u016fcky b\u011b\u017en\u011b pou\u017e\u00edvan\u00e9 p\u0159i dom\u00e1c\u00ed \u00fastn\u00ed hygien\u011b.<\/li>\n<\/ul>\n<ul>\n<li>Term\u00edn si rezervujte online v\u00a0rezerva\u010dn\u00edm syst\u00e9mu na\u00a0webu <a href=\"https:\/\/mujzubnilekar.cz\/\" target=\"_blank\" rel=\"follow noopener\">https:\/\/mujzubnilekar.cz\/<\/a> nebo na\u00a0tel. 70 435 7070.<\/li>\n<li>K\u00f3d voucheru sd\u011bl\u00edte na\u00a0m\u00edst\u011b.<\/li>\n<\/ul>\n<\/li>\n<\/ul>\n<p>\n<\/div><\/div><\/div><div class=\"bt_bb_accordion_item\"><div class=\"bt_bb_accordion_item_title\">Storno podm\u00ednky<\/div><div class=\"bt_bb_accordion_item_content\"><div  class=\"bt_bb_text\" ><\/p>\n<p>\n<strong>Otev\u0159en\u00e9 vouchery<\/strong>: Voucher lze v\u00a0r\u00e1mci 14denn\u00ed z\u00e1konn\u00e9 lh\u016fty od zakoupen\u00ed stornovat. P\u0159i zru\u0161en\u00ed rezervace \u010di zm\u011bn\u011b v\u00a0pracovn\u00ed dny nejpozd\u011bji 2\u00a0dny p\u0159ed domluven\u00fdm term\u00ednem voucher z\u016fst\u00e1v\u00e1 v\u00a0pln\u00e9 platnosti. P\u0159i zru\u0161en\u00ed rezervace \u010di zm\u011bn\u011b v\u00a0krat\u0161\u00ed lh\u016ft\u011b voucher propad\u00e1 v\u00a0pln\u00e9 v\u00fd\u0161i, takov\u00fd voucher nelze refundovat. Zm\u011bna je mo\u017en\u00e1 pouze jednou nebo po\u00a0domluv\u011b s\u00a0poskytovatelem slu\u017eby.<\/p>\n<p>\n<\/div><\/div><\/div><div class=\"bt_bb_accordion_item\"><div class=\"bt_bb_accordion_item_title\">Kde uplatnit<\/div><div class=\"bt_bb_accordion_item_content\"><div class=\" bt_bb_row_inner\"   data-bt-override-class=\"{}\"><div class=\"bt_bb_row_inner_holder\"  ><div  class=\"bt_bb_column_inner col-xxl-3 col-xl-3 col-xs-12 col-sm-6 col-md-6 col-lg-3 bt_bb_vertical_align_top bt_bb_align_left bt_bb_padding_normal\"  data-width=\"3\" data-bt-override-class=\"{}\"><div class=\"bt_bb_column_inner_content\"><div class=\"bt_bb_column_inner_content_inner\"><div class=\"bt_bb_service bt_bb_color_scheme_3 bt_bb_style_lightfilled bt_bb_size_large bt_bb_shape_circle bt_bb_target_self bt_bb_align_inherit\" style=\"; --primary-color:#1ebeb6; --secondary-color:#191919;\" data-bt-override-class=\"{&quot;bt_bb_size_&quot;:{&quot;current_class&quot;:&quot;bt_bb_size_large&quot;,&quot;def&quot;:&quot;large&quot;,&quot;xl&quot;:&quot;large&quot;}}\"><a href=\"#\"  target=\"_self\"  title=\"Adresa\"  data-ico-dentist2=\"&#xe902;\" class=\"bt_bb_icon_holder\"><\/a><div class=\"bt_bb_service_content\"><div class=\"bt_bb_service_content_title\"><a href=\"#\" target=\"_self\" title=\"&lt;b&gt;Adresa&lt;\/b&gt;\"><b>Adresa<\/b><\/a><\/div><div class=\"bt_bb_service_content_text\">Stomatologick\u00e9 centrum - m\u016fj zubn\u00ed l\u00e9ka\u0159<br \/><br \/>\nJe\u0159\u00e1bkov\u00e1 1848\/5<br \/><br \/>\n602 00 Brno<\/div><\/div><\/div><\/div><\/div><\/div><div  class=\"bt_bb_column_inner col-xxl-3 col-xl-3 col-xs-12 col-sm-6 col-md-6 col-lg-3 bt_bb_vertical_align_top bt_bb_align_left bt_bb_padding_normal\"  data-width=\"3\" data-bt-override-class=\"{}\"><div class=\"bt_bb_column_inner_content\"><div class=\"bt_bb_column_inner_content_inner\"><div class=\"bt_bb_service bt_bb_color_scheme_11 bt_bb_style_filled bt_bb_size_large bt_bb_shape_circle bt_bb_target_self bt_bb_align_inherit\" style=\"; --primary-color:#ffffff; --secondary-color:#115278;\" data-bt-override-class=\"{}\"><a href=\"#\"  target=\"_self\"  title=\"Telefon\"  data-ico-dentist2=\"&#xe909;\" class=\"bt_bb_icon_holder\"><\/a><div class=\"bt_bb_service_content\"><div class=\"bt_bb_service_content_title\"><a href=\"#\" target=\"_self\" title=\"&lt;u&gt;Telefon&lt;\/u&gt;\"><u>Telefon<\/u><\/a><\/div><div class=\"bt_bb_service_content_text\">70 435 7070<\/div><\/div><\/div><\/div><\/div><\/div><div  class=\"bt_bb_column_inner col-xxl-3 col-xl-3 col-xs-12 col-sm-6 col-md-6 col-lg-3 bt_bb_vertical_align_top bt_bb_align_left bt_bb_padding_normal\"  data-width=\"3\" data-bt-override-class=\"{}\"><div class=\"bt_bb_column_inner_content\"><div class=\"bt_bb_column_inner_content_inner\"><div class=\"bt_bb_service bt_bb_color_scheme_3 bt_bb_style_lightfilled bt_bb_size_large bt_bb_shape_circle bt_bb_target_self bt_bb_align_inherit\" style=\"; --primary-color:#1ebeb6; --secondary-color:#191919;\" data-bt-override-class=\"{&quot;bt_bb_size_&quot;:{&quot;current_class&quot;:&quot;bt_bb_size_large&quot;,&quot;def&quot;:&quot;large&quot;,&quot;xl&quot;:&quot;large&quot;},&quot;bt_bb_align_&quot;:{&quot;current_class&quot;:&quot;bt_bb_align_inherit&quot;,&quot;def&quot;:&quot;inherit&quot;,&quot;xl&quot;:&quot;inherit&quot;}}\"><a href=\"#\"  target=\"_self\"  title=\"Napi\u0161te n\u00e1m\"  data-ico-dentist2=\"&#xe907;\" class=\"bt_bb_icon_holder\"><\/a><div class=\"bt_bb_service_content\"><div class=\"bt_bb_service_content_title\"><a href=\"#\" target=\"_self\" title=\"&lt;b&gt;Napi\u0161te n\u00e1m&lt;\/b&gt;\"><b>Napi\u0161te n\u00e1m<\/b><\/a><\/div><div class=\"bt_bb_service_content_text\">ordinace@mujzubnilekar.cz<br \/><br \/>\n<\/div><\/div><\/div><\/div><\/div><\/div><div  class=\"bt_bb_column_inner col-xxl-3 col-xl-3 col-xs-12 col-sm-6 col-md-6 col-lg-3 bt_bb_vertical_align_top bt_bb_align_left bt_bb_padding_normal\"  data-width=\"3\" data-bt-override-class=\"{}\"><div class=\"bt_bb_column_inner_content\"><div class=\"bt_bb_column_inner_content_inner\"><div class=\"bt_bb_google_maps bt_bb_map bt_bb_map_type_interactive bt_bb_google_maps_with_coverage_image\" style=\"max-width: 760px; margin-left: auto;\" data-center=\"no\"><div class=\"bt_bb_map_coverage_image\"><div class=\"bt_bb_map_coverage_image_attribution\"><div class=\"bt_bb_map_coverage_image_attribution_google\"><a href=\"https:\/\/www.google.com\/maps?ll=49.203952,16.611688&z=14\" target=\"_blank\">\r\n\t\t\t\t\t\t<img decoding=\"async\" src=\"https:\/\/mujzubnilekar.cz\/wp-content\/themes\/denticare\/bold-page-builder\/content_elements\/bt_bb_google_maps\/google.svg\" title=\"Open this area in Google Maps (opens a new window)\" \/><\/a><\/div><div class=\"bt_bb_map_coverage_image_attribution_copyright\">Map data &copy;2026<\/div><\/div><img decoding=\"async\" src=\"https:\/\/mujzubnilekar.cz\/wp-content\/uploads\/2020\/01\/Map.png\" alt=\"bt_bb_google_maps_coverage_image\" \/><\/div><div class=\"bt_bb_google_maps_map bt_bb_map_map\" id=\"map_canvas69f4621de40ab\" data-height=\"400\" data-api-key=\"AIzaSyCCSV3L3Sv1-fx9NW9vtGmgb0dEYe8jHsM\" data-map-type=\"interactive\" data-zoom=\"14\" data-init-finished=\"false\" data-custom-style=\"WwogICAgewogICAgICAgICJmZWF0dXJlVHlwZSI6ICJsYW5kc2NhcGUiLAogICAgICAgICJlbGVtZW50VHlwZSI6ICJhbGwiLAogICAgICAgICJzdHlsZXJzIjogWwogICAgICAgICAgICB7CiAgICAgICAgICAgICAgICAiaHVlIjogIiNGRkJCMDAiCiAgICAgICAgICAgIH0sCiAgICAgICAgICAgIHsKICAgICAgICAgICAgICAgICJzYXR1cmF0aW9uIjogNDMuNDAwMDAwMDAwMDAwMDA2CiAgICAgICAgICAgIH0sCiAgICAgICAgICAgIHsKICAgICAgICAgICAgICAgICJsaWdodG5lc3MiOiAzNy41OTk5OTk5OTk5OTk5OTQKICAgICAgICAgICAgfSwKICAgICAgICAgICAgewogICAgICAgICAgICAgICAgImdhbW1hIjogMQogICAgICAgICAgICB9CiAgICAgICAgXQogICAgfSwKICAgIHsKICAgICAgICAiZmVhdHVyZVR5cGUiOiAicG9pIiwKICAgICAgICAiZWxlbWVudFR5cGUiOiAiYWxsIiwKICAgICAgICAic3R5bGVycyI6IFsKICAgICAgICAgICAgewogICAgICAgICAgICAgICAgImh1ZSI6ICIjMDBGRjZBIgogICAgICAgICAgICB9LAogICAgICAgICAgICB7CiAgICAgICAgICAgICAgICAic2F0dXJhdGlvbiI6IC0xLjA5ODkwMTA5ODkwMTEyMzQKICAgICAgICAgICAgfSwKICAgICAgICAgICAgewogICAgICAgICAgICAgICAgImxpZ2h0bmVzcyI6IDExLjIwMDAwMDAwMDAwMDAxNwogICAgICAgICAgICB9LAogICAgICAgICAgICB7CiAgICAgICAgICAgICAgICAiZ2FtbWEiOiAxCiAgICAgICAgICAgIH0KICAgICAgICBdCiAgICB9LAogICAgewogICAgICAgICJmZWF0dXJlVHlwZSI6ICJyb2FkLmhpZ2h3YXkiLAogICAgICAgICJlbGVtZW50VHlwZSI6ICJhbGwiLAogICAgICAgICJzdHlsZXJzIjogWwogICAgICAgICAgICB7CiAgICAgICAgICAgICAgICAiaHVlIjogIiNGRkMyMDAiCiAgICAgICAgICAgIH0sCiAgICAgICAgICAgIHsKICAgICAgICAgICAgICAgICJzYXR1cmF0aW9uIjogLTYxLjgKICAgICAgICAgICAgfSwKICAgICAgICAgICAgewogICAgICAgICAgICAgICAgImxpZ2h0bmVzcyI6IDQ1LjU5OTk5OTk5OTk5OTk5NAogICAgICAgICAgICB9LAogICAgICAgICAgICB7CiAgICAgICAgICAgICAgICAiZ2FtbWEiOiAxCiAgICAgICAgICAgIH0KICAgICAgICBdCiAgICB9LAogICAgewogICAgICAgICJmZWF0dXJlVHlwZSI6ICJyb2FkLmFydGVyaWFsIiwKICAgICAgICAiZWxlbWVudFR5cGUiOiAiYWxsIiwKICAgICAgICAic3R5bGVycyI6IFsKICAgICAgICAgICAgewogICAgICAgICAgICAgICAgImh1ZSI6ICIjRkYwMzAwIgogICAgICAgICAgICB9LAogICAgICAgICAgICB7CiAgICAgICAgICAgICAgICAic2F0dXJhdGlvbiI6IC0xMDAKICAgICAgICAgICAgfSwKICAgICAgICAgICAgewogICAgICAgICAgICAgICAgImxpZ2h0bmVzcyI6IDUxLjE5OTk5OTk5OTk5OTk5CiAgICAgICAgICAgIH0sCiAgICAgICAgICAgIHsKICAgICAgICAgICAgICAgICJnYW1tYSI6IDEKICAgICAgICAgICAgfQogICAgICAgIF0KICAgIH0sCiAgICB7CiAgICAgICAgImZlYXR1cmVUeXBlIjogInJvYWQubG9jYWwiLAogICAgICAgICJlbGVtZW50VHlwZSI6ICJhbGwiLAogICAgICAgICJzdHlsZXJzIjogWwogICAgICAgICAgICB7CiAgICAgICAgICAgICAgICAiaHVlIjogIiNGRjAzMDAiCiAgICAgICAgICAgIH0sCiAgICAgICAgICAgIHsKICAgICAgICAgICAgICAgICJzYXR1cmF0aW9uIjogLTEwMAogICAgICAgICAgICB9LAogICAgICAgICAgICB7CiAgICAgICAgICAgICAgICAibGlnaHRuZXNzIjogNTIKICAgICAgICAgICAgfSwKICAgICAgICAgICAgewogICAgICAgICAgICAgICAgImdhbW1hIjogMQogICAgICAgICAgICB9CiAgICAgICAgXQogICAgfSwKICAgIHsKICAgICAgICAiZmVhdHVyZVR5cGUiOiAid2F0ZXIiLAogICAgICAgICJlbGVtZW50VHlwZSI6ICJhbGwiLAogICAgICAgICJzdHlsZXJzIjogWwogICAgICAgICAgICB7CiAgICAgICAgICAgICAgICAiaHVlIjogIiMwMDc4RkYiCiAgICAgICAgICAgIH0sCiAgICAgICAgICAgIHsKICAgICAgICAgICAgICAgICJzYXR1cmF0aW9uIjogLTEzLjIwMDAwMDAwMDAwMDAwMwogICAgICAgICAgICB9LAogICAgICAgICAgICB7CiAgICAgICAgICAgICAgICAibGlnaHRuZXNzIjogMi40MDAwMDAwMDAwMDAwMDU3CiAgICAgICAgICAgIH0sCiAgICAgICAgICAgIHsKICAgICAgICAgICAgICAgICJnYW1tYSI6IDEKICAgICAgICAgICAgfQogICAgICAgIF0KICAgIH0KXQ==\" style=\"height:400px\"><\/div><div class=\"bt_bb_google_maps_location bt_bb_map_location bt_bb_google_maps_location_without_content bt_bb_map_location_without_content\" data-lat=\"49.203952\" data-lng=\"16.611688\" data-icon=\"https:\/\/mujzubnilekar.cz\/wp-content\/uploads\/2020\/01\/pin_1.png\"><\/div><\/div><\/div><\/div><\/div><\/div><\/div><\/div><\/div><\/div><\/div><\/div><\/div><\/div><\/div><\/div><!-- cell_inner --><\/div><!-- cell --><\/div><!-- port --><\/section>\n","protected":false},"excerpt":{"rendered":"<p>Voucher na komplexn\u00ed dent\u00e1ln\u00ed hygienu pro\u00a0dosp\u011bl\u00e9 (vstupn\u00ed terapie + Air Flow)<\/p>\n","protected":false},"featured_media":2628,"comment_status":"open","ping_status":"closed","template":"","meta":[],"product_brand":[],"product_cat":[108],"product_tag":[],"class_list":{"0":"post-1993","1":"product","2":"type-product","3":"status-publish","4":"has-post-thumbnail","6":"product_cat-mwb_wgm_giftcard","8":"first","9":"instock","10":"sale","11":"downloadable","12":"shipping-taxable","13":"purchasable","14":"product-type-simple"},"yoast_head":"<!-- This site is optimized with the Yoast SEO plugin v27.3 - https:\/\/yoast.com\/product\/yoast-seo-wordpress\/ -->\n<title>Vstupn\u00ed komplexn\u00ed dent\u00e1ln\u00ed hygiena - mujzubnilekar.cz<\/title>\n<meta name=\"robots\" content=\"noindex, follow\" \/>\n<meta property=\"og:locale\" content=\"en_US\" \/>\n<meta property=\"og:type\" content=\"article\" \/>\n<meta property=\"og:title\" content=\"Vstupn\u00ed komplexn\u00ed dent\u00e1ln\u00ed hygiena - mujzubnilekar.cz\" \/>\n<meta property=\"og:description\" content=\"Voucher na komplexn\u00ed dent\u00e1ln\u00ed hygienu pro\u00a0dosp\u011bl\u00e9 (vstupn\u00ed terapie + Air Flow)\" \/>\n<meta property=\"og:url\" content=\"https:\/\/mujzubnilekar.cz\/vouchery\/kdh\/\" \/>\n<meta property=\"og:site_name\" content=\"mujzubnilekar.cz\" \/>\n<meta property=\"article:publisher\" content=\"https:\/\/www.facebook.com\/MujZubniLekar\" \/>\n<meta property=\"article:modified_time\" content=\"2026-01-09T22:58:31+00:00\" \/>\n<meta property=\"og:image\" content=\"https:\/\/mujzubnilekar.cz\/wp-content\/uploads\/2021\/12\/dentalni-hygiena-1280x908.png\" \/>\n\t<meta property=\"og:image:width\" content=\"1280\" \/>\n\t<meta property=\"og:image:height\" content=\"908\" \/>\n\t<meta property=\"og:image:type\" content=\"image\/png\" \/>\n<meta name=\"twitter:card\" content=\"summary_large_image\" \/>\n<meta name=\"twitter:label1\" content=\"Est. reading time\" \/>\n\t<meta name=\"twitter:data1\" content=\"5 minutes\" \/>\n<script type=\"application\/ld+json\" class=\"yoast-schema-graph\">{\"@context\":\"https:\\\/\\\/schema.org\",\"@graph\":[{\"@type\":\"WebPage\",\"@id\":\"https:\\\/\\\/mujzubnilekar.cz\\\/vouchery\\\/kdh\\\/\",\"url\":\"https:\\\/\\\/mujzubnilekar.cz\\\/vouchery\\\/kdh\\\/\",\"name\":\"Vstupn\u00ed komplexn\u00ed dent\u00e1ln\u00ed hygiena - mujzubnilekar.cz\",\"isPartOf\":{\"@id\":\"https:\\\/\\\/mujzubnilekar.cz\\\/#website\"},\"primaryImageOfPage\":{\"@id\":\"https:\\\/\\\/mujzubnilekar.cz\\\/vouchery\\\/kdh\\\/#primaryimage\"},\"image\":{\"@id\":\"https:\\\/\\\/mujzubnilekar.cz\\\/vouchery\\\/kdh\\\/#primaryimage\"},\"thumbnailUrl\":\"https:\\\/\\\/mujzubnilekar.cz\\\/wp-content\\\/uploads\\\/2021\\\/12\\\/dentalni-hygiena.png\",\"datePublished\":\"2021-12-26T12:59:16+00:00\",\"dateModified\":\"2026-01-09T22:58:31+00:00\",\"breadcrumb\":{\"@id\":\"https:\\\/\\\/mujzubnilekar.cz\\\/vouchery\\\/kdh\\\/#breadcrumb\"},\"inLanguage\":\"en-US\",\"potentialAction\":[{\"@type\":\"ReadAction\",\"target\":[\"https:\\\/\\\/mujzubnilekar.cz\\\/vouchery\\\/kdh\\\/\"]}]},{\"@type\":\"ImageObject\",\"inLanguage\":\"en-US\",\"@id\":\"https:\\\/\\\/mujzubnilekar.cz\\\/vouchery\\\/kdh\\\/#primaryimage\",\"url\":\"https:\\\/\\\/mujzubnilekar.cz\\\/wp-content\\\/uploads\\\/2021\\\/12\\\/dentalni-hygiena.png\",\"contentUrl\":\"https:\\\/\\\/mujzubnilekar.cz\\\/wp-content\\\/uploads\\\/2021\\\/12\\\/dentalni-hygiena.png\",\"width\":2560,\"height\":1816},{\"@type\":\"BreadcrumbList\",\"@id\":\"https:\\\/\\\/mujzubnilekar.cz\\\/vouchery\\\/kdh\\\/#breadcrumb\",\"itemListElement\":[{\"@type\":\"ListItem\",\"position\":1,\"name\":\"Dom\u016f\",\"item\":\"https:\\\/\\\/mujzubnilekar.cz\\\/en\\\/home\\\/\"},{\"@type\":\"ListItem\",\"position\":2,\"name\":\"Vouchery\",\"item\":\"https:\\\/\\\/mujzubnilekar.cz\\\/vouchery\\\/\"},{\"@type\":\"ListItem\",\"position\":3,\"name\":\"Vstupn\u00ed komplexn\u00ed dent\u00e1ln\u00ed hygiena\"}]},{\"@type\":\"WebSite\",\"@id\":\"https:\\\/\\\/mujzubnilekar.cz\\\/#website\",\"url\":\"https:\\\/\\\/mujzubnilekar.cz\\\/\",\"name\":\"mujzubnilekar.cz\",\"description\":\"stomatologick\u00e9 centrum\",\"publisher\":{\"@id\":\"https:\\\/\\\/mujzubnilekar.cz\\\/#organization\"},\"potentialAction\":[{\"@type\":\"SearchAction\",\"target\":{\"@type\":\"EntryPoint\",\"urlTemplate\":\"https:\\\/\\\/mujzubnilekar.cz\\\/?s={search_term_string}\"},\"query-input\":{\"@type\":\"PropertyValueSpecification\",\"valueRequired\":true,\"valueName\":\"search_term_string\"}}],\"inLanguage\":\"en-US\"},{\"@type\":\"Organization\",\"@id\":\"https:\\\/\\\/mujzubnilekar.cz\\\/#organization\",\"name\":\"mujzubnilekar.cz\",\"url\":\"https:\\\/\\\/mujzubnilekar.cz\\\/\",\"logo\":{\"@type\":\"ImageObject\",\"inLanguage\":\"en-US\",\"@id\":\"https:\\\/\\\/mujzubnilekar.cz\\\/#\\\/schema\\\/logo\\\/image\\\/\",\"url\":\"http:\\\/\\\/mujzubnilekar.cz\\\/wp-content\\\/uploads\\\/2020\\\/08\\\/logo-end-01.png\",\"contentUrl\":\"http:\\\/\\\/mujzubnilekar.cz\\\/wp-content\\\/uploads\\\/2020\\\/08\\\/logo-end-01.png\",\"width\":900,\"height\":459,\"caption\":\"mujzubnilekar.cz\"},\"image\":{\"@id\":\"https:\\\/\\\/mujzubnilekar.cz\\\/#\\\/schema\\\/logo\\\/image\\\/\"},\"sameAs\":[\"https:\\\/\\\/www.facebook.com\\\/MujZubniLekar\",\"https:\\\/\\\/www.instagram.com\\\/mujzubnilekar.cz\\\/\"]}]}<\/script>\n<!-- \/ Yoast SEO plugin. -->","yoast_head_json":{"title":"Vstupn\u00ed komplexn\u00ed dent\u00e1ln\u00ed hygiena - mujzubnilekar.cz","robots":{"index":"noindex","follow":"follow"},"og_locale":"en_US","og_type":"article","og_title":"Vstupn\u00ed komplexn\u00ed dent\u00e1ln\u00ed hygiena - mujzubnilekar.cz","og_description":"Voucher na komplexn\u00ed dent\u00e1ln\u00ed hygienu pro\u00a0dosp\u011bl\u00e9 (vstupn\u00ed terapie + Air Flow)","og_url":"https:\/\/mujzubnilekar.cz\/vouchery\/kdh\/","og_site_name":"mujzubnilekar.cz","article_publisher":"https:\/\/www.facebook.com\/MujZubniLekar","article_modified_time":"2026-01-09T22:58:31+00:00","og_image":[{"width":1280,"height":908,"url":"https:\/\/mujzubnilekar.cz\/wp-content\/uploads\/2021\/12\/dentalni-hygiena-1280x908.png","type":"image\/png"}],"twitter_card":"summary_large_image","twitter_misc":{"Est. reading time":"5 minutes"},"schema":{"@context":"https:\/\/schema.org","@graph":[{"@type":"WebPage","@id":"https:\/\/mujzubnilekar.cz\/vouchery\/kdh\/","url":"https:\/\/mujzubnilekar.cz\/vouchery\/kdh\/","name":"Vstupn\u00ed komplexn\u00ed dent\u00e1ln\u00ed hygiena - mujzubnilekar.cz","isPartOf":{"@id":"https:\/\/mujzubnilekar.cz\/#website"},"primaryImageOfPage":{"@id":"https:\/\/mujzubnilekar.cz\/vouchery\/kdh\/#primaryimage"},"image":{"@id":"https:\/\/mujzubnilekar.cz\/vouchery\/kdh\/#primaryimage"},"thumbnailUrl":"https:\/\/mujzubnilekar.cz\/wp-content\/uploads\/2021\/12\/dentalni-hygiena.png","datePublished":"2021-12-26T12:59:16+00:00","dateModified":"2026-01-09T22:58:31+00:00","breadcrumb":{"@id":"https:\/\/mujzubnilekar.cz\/vouchery\/kdh\/#breadcrumb"},"inLanguage":"en-US","potentialAction":[{"@type":"ReadAction","target":["https:\/\/mujzubnilekar.cz\/vouchery\/kdh\/"]}]},{"@type":"ImageObject","inLanguage":"en-US","@id":"https:\/\/mujzubnilekar.cz\/vouchery\/kdh\/#primaryimage","url":"https:\/\/mujzubnilekar.cz\/wp-content\/uploads\/2021\/12\/dentalni-hygiena.png","contentUrl":"https:\/\/mujzubnilekar.cz\/wp-content\/uploads\/2021\/12\/dentalni-hygiena.png","width":2560,"height":1816},{"@type":"BreadcrumbList","@id":"https:\/\/mujzubnilekar.cz\/vouchery\/kdh\/#breadcrumb","itemListElement":[{"@type":"ListItem","position":1,"name":"Dom\u016f","item":"https:\/\/mujzubnilekar.cz\/en\/home\/"},{"@type":"ListItem","position":2,"name":"Vouchery","item":"https:\/\/mujzubnilekar.cz\/vouchery\/"},{"@type":"ListItem","position":3,"name":"Vstupn\u00ed komplexn\u00ed dent\u00e1ln\u00ed hygiena"}]},{"@type":"WebSite","@id":"https:\/\/mujzubnilekar.cz\/#website","url":"https:\/\/mujzubnilekar.cz\/","name":"mujzubnilekar.cz","description":"stomatologick\u00e9 centrum","publisher":{"@id":"https:\/\/mujzubnilekar.cz\/#organization"},"potentialAction":[{"@type":"SearchAction","target":{"@type":"EntryPoint","urlTemplate":"https:\/\/mujzubnilekar.cz\/?s={search_term_string}"},"query-input":{"@type":"PropertyValueSpecification","valueRequired":true,"valueName":"search_term_string"}}],"inLanguage":"en-US"},{"@type":"Organization","@id":"https:\/\/mujzubnilekar.cz\/#organization","name":"mujzubnilekar.cz","url":"https:\/\/mujzubnilekar.cz\/","logo":{"@type":"ImageObject","inLanguage":"en-US","@id":"https:\/\/mujzubnilekar.cz\/#\/schema\/logo\/image\/","url":"http:\/\/mujzubnilekar.cz\/wp-content\/uploads\/2020\/08\/logo-end-01.png","contentUrl":"http:\/\/mujzubnilekar.cz\/wp-content\/uploads\/2020\/08\/logo-end-01.png","width":900,"height":459,"caption":"mujzubnilekar.cz"},"image":{"@id":"https:\/\/mujzubnilekar.cz\/#\/schema\/logo\/image\/"},"sameAs":["https:\/\/www.facebook.com\/MujZubniLekar","https:\/\/www.instagram.com\/mujzubnilekar.cz\/"]}]}},"_links":{"self":[{"href":"https:\/\/mujzubnilekar.cz\/en\/wp-json\/wp\/v2\/product\/1993","targetHints":{"allow":["GET"]}}],"collection":[{"href":"https:\/\/mujzubnilekar.cz\/en\/wp-json\/wp\/v2\/product"}],"about":[{"href":"https:\/\/mujzubnilekar.cz\/en\/wp-json\/wp\/v2\/types\/product"}],"replies":[{"embeddable":true,"href":"https:\/\/mujzubnilekar.cz\/en\/wp-json\/wp\/v2\/comments?post=1993"}],"wp:featuredmedia":[{"embeddable":true,"href":"https:\/\/mujzubnilekar.cz\/en\/wp-json\/wp\/v2\/media\/2628"}],"wp:attachment":[{"href":"https:\/\/mujzubnilekar.cz\/en\/wp-json\/wp\/v2\/media?parent=1993"}],"wp:term":[{"taxonomy":"product_brand","embeddable":true,"href":"https:\/\/mujzubnilekar.cz\/en\/wp-json\/wp\/v2\/product_brand?post=1993"},{"taxonomy":"product_cat","embeddable":true,"href":"https:\/\/mujzubnilekar.cz\/en\/wp-json\/wp\/v2\/product_cat?post=1993"},{"taxonomy":"product_tag","embeddable":true,"href":"https:\/\/mujzubnilekar.cz\/en\/wp-json\/wp\/v2\/product_tag?post=1993"}],"curies":[{"name":"wp","href":"https:\/\/api.w.org\/{rel}","templated":true}]}}